{"id":29076,"date":"2025-09-23T17:16:45","date_gmt":"2025-09-23T14:16:45","guid":{"rendered":"https:\/\/basilteknoloji.com\/cmt-1\/?post_type=product&#038;p=29076"},"modified":"2025-09-24T16:35:44","modified_gmt":"2025-09-24T13:35:44","slug":"ciftli-kare-kral","status":"publish","type":"product","link":"https:\/\/cmtzincir.com\/en\/urun\/ciftli-kare-kral\/","title":{"rendered":"\u00c7\u0130FTL\u0130 KARE KRAL"},"content":{"rendered":"<table style=\"height: 141px;\" border=\"0\" width=\"665\" cellspacing=\"0\" cellpadding=\"0\">\n<tbody>\n<tr>\n<td class=\"xl67\" style=\"text-align: center;\" height=\"20\">KOD<\/td>\n<td class=\"xl68\" style=\"text-align: center;\">M\u0130KRON<\/td>\n<td class=\"xl67\" style=\"text-align: center;\">KALINLIK<\/td>\n<td class=\"xl67\" style=\"text-align: center;\">GR<\/td>\n<td class=\"xl67\" style=\"text-align: center;\"><\/td>\n<\/tr>\n<tr>\n<td class=\"xl67\" style=\"text-align: center;\" height=\"20\">099<\/td>\n<td class=\"xl70\" style=\"text-align: center;\">80<\/td>\n<td class=\"xl71\" style=\"text-align: center;\">3 mm<\/td>\n<td class=\"xl69\" style=\"text-align: center;\">57 gr<\/td>\n<td class=\"xl67\" style=\"text-align: center;\">50 cm \/ gr<\/td>\n<\/tr>\n<tr>\n<td class=\"xl67\" style=\"text-align: center;\" height=\"20\">100<\/td>\n<td class=\"xl70\" style=\"text-align: center;\">100<\/td>\n<td class=\"xl71\" style=\"text-align: center;\">4 mm<\/td>\n<td class=\"xl69\" style=\"text-align: center;\">80 gr<\/td>\n<td class=\"xl67\" style=\"text-align: center;\">50 cm \/ gr<\/td>\n<\/tr>\n<\/tbody>\n<\/table>\n","protected":false},"excerpt":{"rendered":"<p>KOD M\u0130KRON KALINLIK GR 099 80 3 mm 57 gr 50 cm \/ gr 100 100 4 mm 80 gr<\/p>\n","protected":false},"featured_media":29078,"comment_status":"open","ping_status":"closed","template":"","meta":[],"product_brand":[],"product_cat":[71],"product_tag":[],"class_list":{"0":"post-29076","1":"product","2":"type-product","3":"status-publish","4":"has-post-thumbnail","6":"product_cat-kral-zincir-gumus","8":"first","9":"instock","10":"shipping-taxable","11":"product-type-simple"},"_links":{"self":[{"href":"https:\/\/cmtzincir.com\/en\/wp-json\/wp\/v2\/product\/29076","targetHints":{"allow":["GET"]}}],"collection":[{"href":"https:\/\/cmtzincir.com\/en\/wp-json\/wp\/v2\/product"}],"about":[{"href":"https:\/\/cmtzincir.com\/en\/wp-json\/wp\/v2\/types\/product"}],"replies":[{"embeddable":true,"href":"https:\/\/cmtzincir.com\/en\/wp-json\/wp\/v2\/comments?post=29076"}],"version-history":[{"count":2,"href":"https:\/\/cmtzincir.com\/en\/wp-json\/wp\/v2\/product\/29076\/revisions"}],"predecessor-version":[{"id":29221,"href":"https:\/\/cmtzincir.com\/en\/wp-json\/wp\/v2\/product\/29076\/revisions\/29221"}],"wp:featuredmedia":[{"embeddable":true,"href":"https:\/\/cmtzincir.com\/en\/wp-json\/wp\/v2\/media\/29078"}],"wp:attachment":[{"href":"https:\/\/cmtzincir.com\/en\/wp-json\/wp\/v2\/media?parent=29076"}],"wp:term":[{"taxonomy":"product_brand","embeddable":true,"href":"https:\/\/cmtzincir.com\/en\/wp-json\/wp\/v2\/product_brand?post=29076"},{"taxonomy":"product_cat","embeddable":true,"href":"https:\/\/cmtzincir.com\/en\/wp-json\/wp\/v2\/product_cat?post=29076"},{"taxonomy":"product_tag","embeddable":true,"href":"https:\/\/cmtzincir.com\/en\/wp-json\/wp\/v2\/product_tag?post=29076"}],"curies":[{"name":"wp","href":"https:\/\/api.w.org\/{rel}","templated":true}]}}